{"id":50,"date":"2016-08-19T21:01:56","date_gmt":"2016-08-19T21:01:56","guid":{"rendered":"http:\/\/www.rosalvaaidahernandez.com\/?page_id=50"},"modified":"2016-11-26T18:58:09","modified_gmt":"2016-11-26T18:58:09","slug":"docencias","status":"publish","type":"page","link":"https:\/\/www.rosalvaaidahernandez.com\/es\/docencias\/","title":{"rendered":"Docencias"},"content":{"rendered":"<h1>PROGRAMAS DE CURSOS<\/h1>\n<ul>\n<li><a href=\"http:\/\/www.rosalvaaidahernandez.com\/wp-content\/uploads\/2016\/08\/Debates-Contempora\u0301neos-en-Antropologi\u0301a.pdf\">Debates Contempor\u00e1neos en Antropolog\u00eda<\/a><\/li>\n<li><a href=\"http:\/\/www.rosalvaaidahernandez.com\/wp-content\/uploads\/2016\/08\/Epistemologi\u0301as-de-Desconolizacio\u0301n-Identidad-y-Poder.pdf\">Epistemolog\u00edas de Desconolizaci\u00f3n, Identidad y Poder<\/a><\/li>\n<li><a href=\"http:\/\/www.rosalvaaidahernandez.com\/wp-content\/uploads\/2016\/08\/Identidad-Poder-y-Legalidad.pdf\">Antropolog\u00eda de la Resistencia<\/a><\/li>\n<li><a href=\"http:\/\/www.rosalvaaidahernandez.com\/wp-content\/uploads\/2016\/08\/Identidad-Poder-y-Legalidad.pdf\">Identidad, Poder y Legalidad<\/a><\/li>\n<li><a href=\"http:\/\/www.rosalvaaidahernandez.com\/wp-content\/uploads\/2016\/08\/Indigenous-Theory-of-the-Americas.pdf\">Indigenous Theory of the Americas<\/a><\/li>\n<li><a href=\"http:\/\/www.rosalvaaidahernandez.com\/wp-content\/uploads\/2016\/08\/Movimiento-Sociales-y-Teori\u0301a-de-la-Resistencia-en-Ame\u0301rica-Latina.pdf\">Movimiento Sociales y Teor\u00eda de la Resistencia en Am\u00e9rica Latina<\/a><\/li>\n<li><a href=\"http:\/\/www.rosalvaaidahernandez.com\/wp-content\/uploads\/2016\/08\/Tradiciones-Teo\u0301ricas-en-Antropologi\u0301a.pdf\">Tradiciones Te\u00f3ricas en Antropolog\u00eda<\/a><\/li>\n<\/ul>\n","protected":false},"excerpt":{"rendered":"<p>PROGRAMAS DE CURSOS Debates Contempor\u00e1neos en Antropolog\u00eda Epistemolog\u00edas de Desconolizaci\u00f3n, Identidad y Poder Antropolog\u00eda de la Resistencia Identidad, Poder y Legalidad Indigenous Theory of the Americas Movimiento Sociales y Teor\u00eda de la Resistencia en Am\u00e9rica Latina Tradiciones Te\u00f3ricas en Antropolog\u00eda<\/p>\n","protected":false},"author":1,"featured_media":0,"parent":0,"menu_order":0,"comment_status":"closed","ping_status":"closed","template":"","meta":{"_exactmetrics_skip_tracking":false,"_exactmetrics_sitenote_active":false,"_exactmetrics_sitenote_note":"","_exactmetrics_sitenote_category":0,"footnotes":""},"class_list":["post-50","page","type-page","status-publish","hentry"],"yoast_head":"<!-- This site is optimized with the Yoast SEO plugin v27.2 - https:\/\/yoast.com\/product\/yoast-seo-wordpress\/ -->\n<title>Docencias - Rosalva A\u00edda Hern\u00e1ndez<\/title>\n<meta name=\"robots\" content=\"index, follow, max-snippet:-1, max-image-preview:large, max-video-preview:-1\" \/>\n<link rel=\"canonical\" href=\"https:\/\/www.rosalvaaidahernandez.com\/es\/docencias\/\" \/>\n<meta property=\"og:locale\" content=\"es_ES\" \/>\n<meta property=\"og:type\" content=\"article\" \/>\n<meta property=\"og:title\" content=\"Docencias - Rosalva A\u00edda Hern\u00e1ndez\" \/>\n<meta property=\"og:description\" content=\"PROGRAMAS DE CURSOS Debates Contempor\u00e1neos en Antropolog\u00eda Epistemolog\u00edas de Desconolizaci\u00f3n, Identidad y Poder Antropolog\u00eda de la Resistencia Identidad, Poder y Legalidad Indigenous Theory of the Americas Movimiento Sociales y Teor\u00eda de la Resistencia en Am\u00e9rica Latina Tradiciones Te\u00f3ricas en Antropolog\u00eda\" \/>\n<meta property=\"og:url\" content=\"https:\/\/www.rosalvaaidahernandez.com\/es\/docencias\/\" \/>\n<meta property=\"og:site_name\" content=\"Rosalva A\u00edda Hern\u00e1ndez\" \/>\n<meta property=\"article:modified_time\" content=\"2016-11-26T18:58:09+00:00\" \/>\n<meta name=\"twitter:card\" content=\"summary_large_image\" \/>\n<script type=\"application\/ld+json\" class=\"yoast-schema-graph\">{\"@context\":\"https:\/\/schema.org\",\"@graph\":[{\"@type\":\"WebPage\",\"@id\":\"https:\/\/www.rosalvaaidahernandez.com\/es\/docencias\/\",\"url\":\"https:\/\/www.rosalvaaidahernandez.com\/es\/docencias\/\",\"name\":\"Docencias - Rosalva A\u00edda Hern\u00e1ndez\",\"isPartOf\":{\"@id\":\"https:\/\/www.rosalvaaidahernandez.com\/#website\"},\"datePublished\":\"2016-08-19T21:01:56+00:00\",\"dateModified\":\"2016-11-26T18:58:09+00:00\",\"breadcrumb\":{\"@id\":\"https:\/\/www.rosalvaaidahernandez.com\/es\/docencias\/#breadcrumb\"},\"inLanguage\":\"es\",\"potentialAction\":[{\"@type\":\"ReadAction\",\"target\":[\"https:\/\/www.rosalvaaidahernandez.com\/es\/docencias\/\"]}]},{\"@type\":\"BreadcrumbList\",\"@id\":\"https:\/\/www.rosalvaaidahernandez.com\/es\/docencias\/#breadcrumb\",\"itemListElement\":[{\"@type\":\"ListItem\",\"position\":1,\"name\":\"Home\",\"item\":\"https:\/\/www.rosalvaaidahernandez.com\/\"},{\"@type\":\"ListItem\",\"position\":2,\"name\":\"Docencias\"}]},{\"@type\":\"WebSite\",\"@id\":\"https:\/\/www.rosalvaaidahernandez.com\/#website\",\"url\":\"https:\/\/www.rosalvaaidahernandez.com\/\",\"name\":\"Rosalva A\u00edda Hern\u00e1ndez\",\"description\":\"  EL CONOCIMIENTO ES PARA COMPARTIRLO\",\"potentialAction\":[{\"@type\":\"SearchAction\",\"target\":{\"@type\":\"EntryPoint\",\"urlTemplate\":\"https:\/\/www.rosalvaaidahernandez.com\/?s={search_term_string}\"},\"query-input\":{\"@type\":\"PropertyValueSpecification\",\"valueRequired\":true,\"valueName\":\"search_term_string\"}}],\"inLanguage\":\"es\"}]}<\/script>\n<!-- \/ Yoast SEO plugin. -->","yoast_head_json":{"title":"Docencias - Rosalva A\u00edda Hern\u00e1ndez","robots":{"index":"index","follow":"follow","max-snippet":"max-snippet:-1","max-image-preview":"max-image-preview:large","max-video-preview":"max-video-preview:-1"},"canonical":"https:\/\/www.rosalvaaidahernandez.com\/es\/docencias\/","og_locale":"es_ES","og_type":"article","og_title":"Docencias - Rosalva A\u00edda Hern\u00e1ndez","og_description":"PROGRAMAS DE CURSOS Debates Contempor\u00e1neos en Antropolog\u00eda Epistemolog\u00edas de Desconolizaci\u00f3n, Identidad y Poder Antropolog\u00eda de la Resistencia Identidad, Poder y Legalidad Indigenous Theory of the Americas Movimiento Sociales y Teor\u00eda de la Resistencia en Am\u00e9rica Latina Tradiciones Te\u00f3ricas en Antropolog\u00eda","og_url":"https:\/\/www.rosalvaaidahernandez.com\/es\/docencias\/","og_site_name":"Rosalva A\u00edda Hern\u00e1ndez","article_modified_time":"2016-11-26T18:58:09+00:00","twitter_card":"summary_large_image","schema":{"@context":"https:\/\/schema.org","@graph":[{"@type":"WebPage","@id":"https:\/\/www.rosalvaaidahernandez.com\/es\/docencias\/","url":"https:\/\/www.rosalvaaidahernandez.com\/es\/docencias\/","name":"Docencias - Rosalva A\u00edda Hern\u00e1ndez","isPartOf":{"@id":"https:\/\/www.rosalvaaidahernandez.com\/#website"},"datePublished":"2016-08-19T21:01:56+00:00","dateModified":"2016-11-26T18:58:09+00:00","breadcrumb":{"@id":"https:\/\/www.rosalvaaidahernandez.com\/es\/docencias\/#breadcrumb"},"inLanguage":"es","potentialAction":[{"@type":"ReadAction","target":["https:\/\/www.rosalvaaidahernandez.com\/es\/docencias\/"]}]},{"@type":"BreadcrumbList","@id":"https:\/\/www.rosalvaaidahernandez.com\/es\/docencias\/#breadcrumb","itemListElement":[{"@type":"ListItem","position":1,"name":"Home","item":"https:\/\/www.rosalvaaidahernandez.com\/"},{"@type":"ListItem","position":2,"name":"Docencias"}]},{"@type":"WebSite","@id":"https:\/\/www.rosalvaaidahernandez.com\/#website","url":"https:\/\/www.rosalvaaidahernandez.com\/","name":"Rosalva A\u00edda Hern\u00e1ndez","description":"  EL CONOCIMIENTO ES PARA COMPARTIRLO","potentialAction":[{"@type":"SearchAction","target":{"@type":"EntryPoint","urlTemplate":"https:\/\/www.rosalvaaidahernandez.com\/?s={search_term_string}"},"query-input":{"@type":"PropertyValueSpecification","valueRequired":true,"valueName":"search_term_string"}}],"inLanguage":"es"}]}},"jetpack_sharing_enabled":true,"jetpack_shortlink":"https:\/\/wp.me\/P7OkkD-O","_links":{"self":[{"href":"https:\/\/www.rosalvaaidahernandez.com\/es\/wp-json\/wp\/v2\/pages\/50","targetHints":{"allow":["GET"]}}],"collection":[{"href":"https:\/\/www.rosalvaaidahernandez.com\/es\/wp-json\/wp\/v2\/pages"}],"about":[{"href":"https:\/\/www.rosalvaaidahernandez.com\/es\/wp-json\/wp\/v2\/types\/page"}],"author":[{"embeddable":true,"href":"https:\/\/www.rosalvaaidahernandez.com\/es\/wp-json\/wp\/v2\/users\/1"}],"replies":[{"embeddable":true,"href":"https:\/\/www.rosalvaaidahernandez.com\/es\/wp-json\/wp\/v2\/comments?post=50"}],"version-history":[{"count":3,"href":"https:\/\/www.rosalvaaidahernandez.com\/es\/wp-json\/wp\/v2\/pages\/50\/revisions"}],"predecessor-version":[{"id":344,"href":"https:\/\/www.rosalvaaidahernandez.com\/es\/wp-json\/wp\/v2\/pages\/50\/revisions\/344"}],"wp:attachment":[{"href":"https:\/\/www.rosalvaaidahernandez.com\/es\/wp-json\/wp\/v2\/media?parent=50"}],"curies":[{"name":"wp","href":"https:\/\/api.w.org\/{rel}","templated":true}]}}