{"id":44,"date":"2016-08-19T21:00:49","date_gmt":"2016-08-19T21:00:49","guid":{"rendered":"http:\/\/www.rosalvaaidahernandez.com\/?page_id=44"},"modified":"2020-01-03T22:11:47","modified_gmt":"2020-01-03T22:11:47","slug":"red-feminismos-descoloniales","status":"publish","type":"page","link":"https:\/\/www.rosalvaaidahernandez.com\/es\/proyectos-colectivos\/red-feminismos-descoloniales\/","title":{"rendered":"Red de Feminismos Descoloniales"},"content":{"rendered":"<p><\/p>\n<p class=\"font_8\" style=\"text-align: justify;\"><span class=\"color_15\">La Red de Feminismos Descoloniales se funda en el 2008, en respuesta al llamado de Sylvia Marcos de crear un espacio de reflexi\u00f3n y activismo pol\u00edtico que partiera de la autocr\u00edtica al racismo y el colonialismo que marca a las sociedades latinoamericanas, incluyendo a nuestras organizaciones feministas. Se trata de un grupo diverso, intergeneracional, que re\u00fane distintas disciplinas y localidades geogr\u00e1ficas, que comparte el inter\u00e9s por pensar un feminismo otro, al cual llamamos descolonial, y que reconoce como\u00a0<\/span><span class=\"color_15\">fuerte referencia la propuesta zapatista de \u00abotro mundo es posible.\u00bb<\/span><\/p>\n<p style=\"text-align: justify;\"><span class=\"color_15\">Actualmente, la Red est\u00e1 integrada por Sylvia Marcos, Margara Mill\u00e1n, Raquel Guiti\u00e9rrez, Gisela Espinoza, Giomar Rovira, Mariana Mora, Oscar Gonz\u00e1lez, <\/span><span class=\"color_15\">Ver\u00f3nica\u00a0 L\u00f3pez N\u00e1jera<\/span><span class=\"color_15\">, Meztli Rodr\u00edguez, Mariana Favela, Ana Valadez y Rosalva Aida Hern\u00e1ndez. Cada una de las integrantes de la Red participamos en distintos espacios de activismo y discusi\u00f3n en los que las reflexiones y las luchas feministas se articulan con temas como la pluralidad cultural y jur\u00eddica, la cr\u00edtica a la modernidad, la ecolog\u00eda de saberes, la cr\u00edtica epist\u00e9mica\u00a0<\/span><span class=\"color_15\">descolonial, la cr\u00edtica a la heteronormatividad, la cr\u00edtica a la filosof\u00eda de la ciencia.\u00a0Las cosmovisiones mesoamericanas y amerindias, y las luchas campesinas y populares, han sido una inspiraci\u00f3n para nuestros activismos feministas.\u00a0<\/span><\/p>\n<hr \/>\n<h1 class=\"font_8\"><span class=\"color_15\">Mas All\u00e1 del Feminismo<\/span><\/h1>\n<div id=\"i7fbu64a\" class=\"s7\" data-reactid=\".0.$SITE_ROOT.$desktop_siteRoot.$PAGES_CONTAINER.1.1.$SITE_PAGES.$c1enw.1.$i7fbu64a\">\n<p class=\"font_8\" style=\"text-align: justify;\"><span class=\"color_15\"><a href=\"http:\/\/www.rosalvaaidahernandez.com\/wp-content\/uploads\/2016\/08\/mas-alla-del-feminismo-.pdf\"><img data-recalc-dims=\"1\" loading=\"lazy\" decoding=\"async\" class=\"alignleft wp-image-290 size-medium\" src=\"https:\/\/i0.wp.com\/www.rosalvaaidahernandez.com\/wp-content\/uploads\/2016\/08\/masalladelfeminismo.png?resize=222%2C300\" alt=\"masalladelfeminismo\" width=\"222\" height=\"300\" srcset=\"https:\/\/i0.wp.com\/www.rosalvaaidahernandez.com\/wp-content\/uploads\/2016\/08\/masalladelfeminismo.png?resize=222%2C300&amp;ssl=1 222w, https:\/\/i0.wp.com\/www.rosalvaaidahernandez.com\/wp-content\/uploads\/2016\/08\/masalladelfeminismo.png?w=429&amp;ssl=1 429w\" sizes=\"auto, (max-width: 222px) 100vw, 222px\" \/><\/a>Este libro es el producto de una reflexi\u00f3n colectiva de tres a\u00f1os entre las integrantes de la Red de Feminismos Descoloniales. A pesar de ser muy dis\u00edmiles, los ensayos que conforman este libro dialogan entre s\u00ed. Dejan ver sus horizontes comunes y tambi\u00e9n sus desacuerdos. Los textos fueron parte de una discusi\u00f3n colectiva, en la que las autoras no llegan a una nueva \u00abteor\u00eda\u00bb ni a un punto de vista \u00fanico, sino a reconocer el tejido profuso y difuso del pensar. Varios de los textos hacen\u00a0 una evaluaci\u00f3n de los feminismos mexicanos, ubicando claramente un posicionamiento que nos convoca como red: la construcci\u00f3n de un feminismo \u2018abajo y a la izquierda\u2019, con una clara implicaci\u00f3n en el legado que nos viene del zapatismo. Desde ah\u00ed se analizan posibles aportes de universos epist\u00e9micos otros a caminos feministas innovadores que se acercan a las propuestas de las mujeres ind\u00edgenas, sin despreciar el camino andado en la historia del feminismo mexicano.<\/span><\/p>\n<hr \/>\n<h2 class=\"font_8\" style=\"text-align: center;\">Paro Internacional de Mujeres<br \/>\nComunicado de la Red de Feminismos Descoloniales<br \/>\nNOSOTRAS PARAMOS<br \/>\n<a target=\"_blank\" href=\"http:\/\/www.rosalvaaidahernandez.com\/wp-content\/uploads\/2016\/08\/Comunicado-Nosotras-paramos.pdf\" rel=\"noopener noreferrer\"><img data-recalc-dims=\"1\" loading=\"lazy\" decoding=\"async\" class=\"size-medium wp-image-400 aligncenter\" src=\"https:\/\/i0.wp.com\/www.rosalvaaidahernandez.com\/wp-content\/uploads\/2016\/08\/feminismos-descoloniales.png?resize=226%2C300\" alt=\"\" width=\"226\" height=\"300\" srcset=\"https:\/\/i0.wp.com\/www.rosalvaaidahernandez.com\/wp-content\/uploads\/2016\/08\/feminismos-descoloniales.png?resize=226%2C300&amp;ssl=1 226w, https:\/\/i0.wp.com\/www.rosalvaaidahernandez.com\/wp-content\/uploads\/2016\/08\/feminismos-descoloniales.png?resize=768%2C1019&amp;ssl=1 768w, https:\/\/i0.wp.com\/www.rosalvaaidahernandez.com\/wp-content\/uploads\/2016\/08\/feminismos-descoloniales.png?resize=772%2C1024&amp;ssl=1 772w, https:\/\/i0.wp.com\/www.rosalvaaidahernandez.com\/wp-content\/uploads\/2016\/08\/feminismos-descoloniales.png?resize=624%2C828&amp;ssl=1 624w, https:\/\/i0.wp.com\/www.rosalvaaidahernandez.com\/wp-content\/uploads\/2016\/08\/feminismos-descoloniales.png?w=948&amp;ssl=1 948w\" sizes=\"auto, (max-width: 226px) 100vw, 226px\" \/><\/a><\/h2>\n<\/div>\n<div id=\"i7fbu64a\" class=\"s7\" data-reactid=\".0.$SITE_ROOT.$desktop_siteRoot.$PAGES_CONTAINER.1.1.$SITE_PAGES.$c1enw.1.$i7fbu64a\"><\/div>\n<hr \/>\n<h2 class=\"font_2\" style=\"text-align: center;\"><span class=\"color_15\">Entrevista a Rosalva A\u00edda Hern\u00e1ndez y Mariana Mora<\/span><\/h2>\n<p><iframe loading=\"lazy\" title=\"&quot;M\u00e1s all\u00e1 del feminismo: caminos para andar&quot;, en Luchadoras. Rompeviento TV. 17\/9\/14\" width=\"625\" height=\"352\" src=\"https:\/\/www.youtube.com\/embed\/e3tSr6DVZ04?feature=oembed\" frameborder=\"0\" allow=\"accelerometer; autoplay; clipboard-write; encrypted-media; gyroscope; picture-in-picture; web-share\" referrerpolicy=\"strict-origin-when-cross-origin\" allowfullscreen><\/iframe><\/p>\n<hr \/>\n<h2 style=\"text-align: center;\">Presentaci\u00f3n del Libro M\u00e1s All\u00e1 del Feminismo en Casa de Hondas, M\u00e9xico D.F.<\/h2>\n<div id=\"i7fbu64a\" class=\"s7\" data-reactid=\".0.$SITE_ROOT.$desktop_siteRoot.$PAGES_CONTAINER.1.1.$SITE_PAGES.$c1enw.1.$i7fbu64a\">\n<p><iframe loading=\"lazy\" title=\"M\u00c1S ALL\u00c1 DEL FEMINISMO: CAMINOS PARA ANDAR\" width=\"625\" height=\"352\" src=\"https:\/\/www.youtube.com\/embed\/33Fau9f7zzo?feature=oembed\" frameborder=\"0\" allow=\"accelerometer; autoplay; clipboard-write; encrypted-media; gyroscope; picture-in-picture; web-share\" referrerpolicy=\"strict-origin-when-cross-origin\" allowfullscreen><\/iframe><\/p>\n<div id=\"i7fbwhih_1\" class=\"s7\" data-reactid=\".0.$SITE_ROOT.$desktop_siteRoot.$PAGES_CONTAINER.1.1.$SITE_PAGES.$c1enw.1.$i7fbwhih_1\">\n<hr \/>\n<h2 class=\"font_2\" style=\"text-align: center;\"><span class=\"color_15\">Presentaci\u00f3n del Libro M\u00e1s All\u00e1 del Feminismo en la Sala Manuel M. Ponce del Jard\u00edn Borda, Cuernavaca, Morelos<\/span><\/h2>\n<\/div>\n<div id=\"i7fbwhii\" class=\"s7\" data-reactid=\".0.$SITE_ROOT.$desktop_siteRoot.$PAGES_CONTAINER.1.1.$SITE_PAGES.$c1enw.1.$i7fbwhii\"><\/div>\n<p><iframe loading=\"lazy\" title=\"M\u00e1s all\u00e1 del Feminismo: Caminos para andar.\" width=\"625\" height=\"352\" src=\"https:\/\/www.youtube.com\/embed\/FNBCWJDyWd8?feature=oembed\" frameborder=\"0\" allow=\"accelerometer; autoplay; clipboard-write; encrypted-media; gyroscope; picture-in-picture; web-share\" referrerpolicy=\"strict-origin-when-cross-origin\" allowfullscreen><\/iframe><\/p>\n<hr \/>\n<h2 style=\"text-align: center;\">Senti-pensar el g\u00e9nero: perspectivas desde los pueblos originarios<\/h2>\n<p class=\"font_8\" style=\"text-align: justify;\"><span class=\"color_15\"><a target=\"_blank\" href=\"http:\/\/www.rosalvaaidahernandez.com\/wp-content\/uploads\/2016\/08\/senti-pasar-el-genero.pdf\" rel=\"noopener noreferrer\"><img data-recalc-dims=\"1\" loading=\"lazy\" decoding=\"async\" class=\"alignleft size-full wp-image-297\" src=\"https:\/\/i0.wp.com\/www.rosalvaaidahernandez.com\/wp-content\/uploads\/2016\/08\/sentipensar.png?resize=262%2C342\" alt=\"sentipensar\" width=\"262\" height=\"342\" srcset=\"https:\/\/i0.wp.com\/www.rosalvaaidahernandez.com\/wp-content\/uploads\/2016\/08\/sentipensar.png?w=262&amp;ssl=1 262w, https:\/\/i0.wp.com\/www.rosalvaaidahernandez.com\/wp-content\/uploads\/2016\/08\/sentipensar.png?resize=230%2C300&amp;ssl=1 230w\" sizes=\"auto, (max-width: 262px) 100vw, 262px\" \/><\/a>Este libro re\u00fane las reflexiones y experiencias de investigaci\u00f3n de integrantes de la Red Interdisciplinaria de Investigadores de los Pueblos Indios de M\u00e9xico, Asociaci\u00f3n Civil (Red- IINPIM, A.C.) y de la Red de Feminismos Descoloniales.<\/span><\/p>\n<p class=\"font_8\" style=\"text-align: justify;\"><span class=\"color_15\">La Red-IINPIM, A.C., est\u00e1 conformada por investigadores ind\u00edgenas mexicanos con el fin de buscar alternativas para que los conocimientos que fueron aprendidos en la academia sean ahora, patrimonio de los pueblos; y que a su vez, sean aprovechados y puestos al servicio de sus comunidades. Pero tambi\u00e9n se han\u00a0 organizado con\u00a0<\/span><span class=\"color_15\">el objeto de potenciar los conocimientos locales y generar condiciones de di\u00e1logo entre los saberes.<\/span><\/p>\n<div id=\"comp-il9af1jh\" class=\"s7\" data-reactid=\".0.$SITE_ROOT.$desktop_siteRoot.$PAGES_CONTAINER.1.1.$SITE_PAGES.$c1enw.1.$comp-il9af1jh\">\n<hr \/>\n<h2 class=\"font_2\" style=\"text-align: center;\"><span class=\"color_15\"><b>Galeria de Fotos: Integrantes\u00a0Red de Feminismos Descoloniales<\/b><\/span><\/h2>\n<\/div>\n\n\t\t<style type=\"text\/css\">\n\t\t\t#gallery-1 {\n\t\t\t\tmargin: auto;\n\t\t\t}\n\t\t\t#gallery-1 .gallery-item {\n\t\t\t\tfloat: left;\n\t\t\t\tmargin-top: 10px;\n\t\t\t\ttext-align: center;\n\t\t\t\twidth: 100%;\n\t\t\t}\n\t\t\t#gallery-1 img {\n\t\t\t\tborder: 2px solid #cfcfcf;\n\t\t\t}\n\t\t\t#gallery-1 .gallery-caption {\n\t\t\t\tmargin-left: 0;\n\t\t\t}\n\t\t\t\/* see gallery_shortcode() in wp-includes\/media.php *\/\n\t\t<\/style>\n\t\t<div id='gallery-1' class='gallery galleryid-44 gallery-columns-1 gallery-size-full'><dl class='gallery-item'>\n\t\t\t<dt class='gallery-icon landscape'>\n\t\t\t\t<a href='https:\/\/www.rosalvaaidahernandez.com\/es\/proyectos-colectivos\/red-feminismos-descoloniales\/be8021_43823d8a776b424e853dd3a338a1e22c\/'><img loading=\"lazy\" decoding=\"async\" width=\"652\" height=\"369\" src=\"https:\/\/i0.wp.com\/www.rosalvaaidahernandez.com\/wp-content\/uploads\/2016\/08\/be8021_43823d8a776b424e853dd3a338a1e22c.jpg?fit=652%2C369&amp;ssl=1\" class=\"attachment-full size-full\" alt=\"\" aria-describedby=\"gallery-1-299\" srcset=\"https:\/\/i0.wp.com\/www.rosalvaaidahernandez.com\/wp-content\/uploads\/2016\/08\/be8021_43823d8a776b424e853dd3a338a1e22c.jpg?w=652&amp;ssl=1 652w, https:\/\/i0.wp.com\/www.rosalvaaidahernandez.com\/wp-content\/uploads\/2016\/08\/be8021_43823d8a776b424e853dd3a338a1e22c.jpg?resize=300%2C170&amp;ssl=1 300w, https:\/\/i0.wp.com\/www.rosalvaaidahernandez.com\/wp-content\/uploads\/2016\/08\/be8021_43823d8a776b424e853dd3a338a1e22c.jpg?resize=624%2C353&amp;ssl=1 624w\" sizes=\"auto, (max-width: 625px) 100vw, 625px\" \/><\/a>\n\t\t\t<\/dt>\n\t\t\t\t<dd class='wp-caption-text gallery-caption' id='gallery-1-299'>\n\t\t\t\tDe izquierda a derecha: Veronica L\u00f3pez N\u00e1jera, Sylvia Marcos, Raquel Guti\u00e9rrez, Oscar Gonzalez Guiomar Rovira, Rosalva Aida Hern\u00e1ndez y Margara Mill\u00e1n\n\t\t\t\t<\/dd><\/dl><br style=\"clear: both\" \/><dl class='gallery-item'>\n\t\t\t<dt class='gallery-icon landscape'>\n\t\t\t\t<a href='https:\/\/www.rosalvaaidahernandez.com\/es\/proyectos-colectivos\/red-feminismos-descoloniales\/be8021_0891fc39e8a94a0ba424916bf9bdd8dd\/'><img loading=\"lazy\" decoding=\"async\" width=\"652\" height=\"389\" src=\"https:\/\/i0.wp.com\/www.rosalvaaidahernandez.com\/wp-content\/uploads\/2016\/08\/be8021_0891fc39e8a94a0ba424916bf9bdd8dd.jpg?fit=652%2C389&amp;ssl=1\" class=\"attachment-full size-full\" alt=\"\" aria-describedby=\"gallery-1-298\" srcset=\"https:\/\/i0.wp.com\/www.rosalvaaidahernandez.com\/wp-content\/uploads\/2016\/08\/be8021_0891fc39e8a94a0ba424916bf9bdd8dd.jpg?w=652&amp;ssl=1 652w, https:\/\/i0.wp.com\/www.rosalvaaidahernandez.com\/wp-content\/uploads\/2016\/08\/be8021_0891fc39e8a94a0ba424916bf9bdd8dd.jpg?resize=300%2C179&amp;ssl=1 300w, https:\/\/i0.wp.com\/www.rosalvaaidahernandez.com\/wp-content\/uploads\/2016\/08\/be8021_0891fc39e8a94a0ba424916bf9bdd8dd.jpg?resize=624%2C372&amp;ssl=1 624w\" sizes=\"auto, (max-width: 625px) 100vw, 625px\" \/><\/a>\n\t\t\t<\/dt>\n\t\t\t\t<dd class='wp-caption-text gallery-caption' id='gallery-1-298'>\n\t\t\t\tDe izquierda a derecha: Veronica L\u00f3pez N\u00e1jera, Sylvia Marcos, Raquel Guti\u00e9rrez, Guiomar Rovira, Rosalva Aida Hern\u00e1ndez y Margara Mill\u00e1n\n\t\t\t\t<\/dd><\/dl><br style=\"clear: both\" \/>\n\t\t<\/div>\n\n<p class=\"font_8\">\n<\/div>\n<p><\/p>","protected":false},"excerpt":{"rendered":"<p>La Red de Feminismos Descoloniales se funda en el 2008, en respuesta al llamado de Sylvia Marcos de crear un espacio de reflexi\u00f3n y activismo pol\u00edtico que partiera de la autocr\u00edtica al racismo y el colonialismo que marca a las sociedades latinoamericanas, incluyendo a nuestras organizaciones feministas. Se trata de un grupo diverso, intergeneracional, que [&hellip;]<\/p>\n","protected":false},"author":1,"featured_media":0,"parent":40,"menu_order":2,"comment_status":"closed","ping_status":"closed","template":"","meta":{"_exactmetrics_skip_tracking":false,"_exactmetrics_sitenote_active":false,"_exactmetrics_sitenote_note":"","_exactmetrics_sitenote_category":0,"footnotes":""},"class_list":["post-44","page","type-page","status-publish","hentry"],"yoast_head":"<!-- This site is optimized with the Yoast SEO plugin v27.2 - https:\/\/yoast.com\/product\/yoast-seo-wordpress\/ -->\n<title>Red de Feminismos Descoloniales - Rosalva A\u00edda Hern\u00e1ndez<\/title>\n<meta name=\"description\" content=\"Network of political activism rooted in the self-criticism of racism and colonialism that marks Latin American societies, including feminist organizations.\" \/>\n<meta name=\"robots\" content=\"index, follow, max-snippet:-1, max-image-preview:large, max-video-preview:-1\" \/>\n<link rel=\"canonical\" href=\"https:\/\/www.rosalvaaidahernandez.com\/proyectos-colectivos\/red-feminismos-descoloniales\/\" \/>\n<meta property=\"og:locale\" content=\"es_ES\" \/>\n<meta property=\"og:type\" content=\"article\" \/>\n<meta property=\"og:title\" content=\"Red de Feminismos Descoloniales - Rosalva A\u00edda Hern\u00e1ndez\" \/>\n<meta property=\"og:description\" content=\"Network of political activism rooted in the self-criticism of racism and colonialism that marks Latin American societies, including feminist organizations.\" \/>\n<meta property=\"og:url\" content=\"https:\/\/www.rosalvaaidahernandez.com\/proyectos-colectivos\/red-feminismos-descoloniales\/\" \/>\n<meta property=\"og:site_name\" content=\"Rosalva A\u00edda Hern\u00e1ndez\" \/>\n<meta property=\"article:modified_time\" content=\"2020-01-03T22:11:47+00:00\" \/>\n<meta property=\"og:image\" content=\"https:\/\/i0.wp.com\/www.rosalvaaidahernandez.com\/wp-content\/uploads\/2016\/08\/be8021_43823d8a776b424e853dd3a338a1e22c.jpg?fit=652%2C369&amp;ssl=1\" \/>\n<meta name=\"twitter:card\" content=\"summary_large_image\" \/>\n<meta name=\"twitter:label1\" content=\"Tiempo de lectura\" \/>\n\t<meta name=\"twitter:data1\" content=\"6 minutos\" \/>\n<script type=\"application\/ld+json\" class=\"yoast-schema-graph\">{\"@context\":\"https:\/\/schema.org\",\"@graph\":[{\"@type\":\"WebPage\",\"@id\":\"https:\/\/www.rosalvaaidahernandez.com\/proyectos-colectivos\/red-feminismos-descoloniales\/\",\"url\":\"https:\/\/www.rosalvaaidahernandez.com\/proyectos-colectivos\/red-feminismos-descoloniales\/\",\"name\":\"Red de Feminismos Descoloniales - Rosalva A\u00edda Hern\u00e1ndez\",\"isPartOf\":{\"@id\":\"https:\/\/www.rosalvaaidahernandez.com\/#website\"},\"primaryImageOfPage\":{\"@id\":\"https:\/\/www.rosalvaaidahernandez.com\/proyectos-colectivos\/red-feminismos-descoloniales\/#primaryimage\"},\"image\":{\"@id\":\"https:\/\/www.rosalvaaidahernandez.com\/proyectos-colectivos\/red-feminismos-descoloniales\/#primaryimage\"},\"thumbnailUrl\":\"http:\/\/www.rosalvaaidahernandez.com\/wp-content\/uploads\/2016\/08\/masalladelfeminismo-222x300.png\",\"datePublished\":\"2016-08-19T21:00:49+00:00\",\"dateModified\":\"2020-01-03T22:11:47+00:00\",\"description\":\"Network of political activism rooted in the self-criticism of racism and colonialism that marks Latin American societies, including feminist organizations.\",\"breadcrumb\":{\"@id\":\"https:\/\/www.rosalvaaidahernandez.com\/proyectos-colectivos\/red-feminismos-descoloniales\/#breadcrumb\"},\"inLanguage\":\"es\",\"potentialAction\":[{\"@type\":\"ReadAction\",\"target\":[\"https:\/\/www.rosalvaaidahernandez.com\/proyectos-colectivos\/red-feminismos-descoloniales\/\"]}]},{\"@type\":\"ImageObject\",\"inLanguage\":\"es\",\"@id\":\"https:\/\/www.rosalvaaidahernandez.com\/proyectos-colectivos\/red-feminismos-descoloniales\/#primaryimage\",\"url\":\"http:\/\/www.rosalvaaidahernandez.com\/wp-content\/uploads\/2016\/08\/masalladelfeminismo-222x300.png\",\"contentUrl\":\"http:\/\/www.rosalvaaidahernandez.com\/wp-content\/uploads\/2016\/08\/masalladelfeminismo-222x300.png\"},{\"@type\":\"BreadcrumbList\",\"@id\":\"https:\/\/www.rosalvaaidahernandez.com\/proyectos-colectivos\/red-feminismos-descoloniales\/#breadcrumb\",\"itemListElement\":[{\"@type\":\"ListItem\",\"position\":1,\"name\":\"Home\",\"item\":\"https:\/\/www.rosalvaaidahernandez.com\/\"},{\"@type\":\"ListItem\",\"position\":2,\"name\":\"Proyectos Colectivos\",\"item\":\"https:\/\/www.rosalvaaidahernandez.com\/proyectos-colectivos\/\"},{\"@type\":\"ListItem\",\"position\":3,\"name\":\"Network of Decolonial Feminisms\"}]},{\"@type\":\"WebSite\",\"@id\":\"https:\/\/www.rosalvaaidahernandez.com\/#website\",\"url\":\"https:\/\/www.rosalvaaidahernandez.com\/\",\"name\":\"Rosalva A\u00edda Hern\u00e1ndez\",\"description\":\"  EL CONOCIMIENTO ES PARA COMPARTIRLO\",\"potentialAction\":[{\"@type\":\"SearchAction\",\"target\":{\"@type\":\"EntryPoint\",\"urlTemplate\":\"https:\/\/www.rosalvaaidahernandez.com\/?s={search_term_string}\"},\"query-input\":{\"@type\":\"PropertyValueSpecification\",\"valueRequired\":true,\"valueName\":\"search_term_string\"}}],\"inLanguage\":\"es\"}]}<\/script>\n<!-- \/ Yoast SEO plugin. -->","yoast_head_json":{"title":"Red de Feminismos Descoloniales - Rosalva A\u00edda Hern\u00e1ndez","description":"Network of political activism rooted in the self-criticism of racism and colonialism that marks Latin American societies, including feminist organizations.","robots":{"index":"index","follow":"follow","max-snippet":"max-snippet:-1","max-image-preview":"max-image-preview:large","max-video-preview":"max-video-preview:-1"},"canonical":"https:\/\/www.rosalvaaidahernandez.com\/proyectos-colectivos\/red-feminismos-descoloniales\/","og_locale":"es_ES","og_type":"article","og_title":"Red de Feminismos Descoloniales - Rosalva A\u00edda Hern\u00e1ndez","og_description":"Network of political activism rooted in the self-criticism of racism and colonialism that marks Latin American societies, including feminist organizations.","og_url":"https:\/\/www.rosalvaaidahernandez.com\/proyectos-colectivos\/red-feminismos-descoloniales\/","og_site_name":"Rosalva A\u00edda Hern\u00e1ndez","article_modified_time":"2020-01-03T22:11:47+00:00","og_image":[{"url":"https:\/\/i0.wp.com\/www.rosalvaaidahernandez.com\/wp-content\/uploads\/2016\/08\/be8021_43823d8a776b424e853dd3a338a1e22c.jpg?fit=652%2C369&amp;ssl=1","type":"","width":"","height":""}],"twitter_card":"summary_large_image","twitter_misc":{"Tiempo de lectura":"6 minutos"},"schema":{"@context":"https:\/\/schema.org","@graph":[{"@type":"WebPage","@id":"https:\/\/www.rosalvaaidahernandez.com\/proyectos-colectivos\/red-feminismos-descoloniales\/","url":"https:\/\/www.rosalvaaidahernandez.com\/proyectos-colectivos\/red-feminismos-descoloniales\/","name":"Red de Feminismos Descoloniales - Rosalva A\u00edda Hern\u00e1ndez","isPartOf":{"@id":"https:\/\/www.rosalvaaidahernandez.com\/#website"},"primaryImageOfPage":{"@id":"https:\/\/www.rosalvaaidahernandez.com\/proyectos-colectivos\/red-feminismos-descoloniales\/#primaryimage"},"image":{"@id":"https:\/\/www.rosalvaaidahernandez.com\/proyectos-colectivos\/red-feminismos-descoloniales\/#primaryimage"},"thumbnailUrl":"http:\/\/www.rosalvaaidahernandez.com\/wp-content\/uploads\/2016\/08\/masalladelfeminismo-222x300.png","datePublished":"2016-08-19T21:00:49+00:00","dateModified":"2020-01-03T22:11:47+00:00","description":"Network of political activism rooted in the self-criticism of racism and colonialism that marks Latin American societies, including feminist organizations.","breadcrumb":{"@id":"https:\/\/www.rosalvaaidahernandez.com\/proyectos-colectivos\/red-feminismos-descoloniales\/#breadcrumb"},"inLanguage":"es","potentialAction":[{"@type":"ReadAction","target":["https:\/\/www.rosalvaaidahernandez.com\/proyectos-colectivos\/red-feminismos-descoloniales\/"]}]},{"@type":"ImageObject","inLanguage":"es","@id":"https:\/\/www.rosalvaaidahernandez.com\/proyectos-colectivos\/red-feminismos-descoloniales\/#primaryimage","url":"http:\/\/www.rosalvaaidahernandez.com\/wp-content\/uploads\/2016\/08\/masalladelfeminismo-222x300.png","contentUrl":"http:\/\/www.rosalvaaidahernandez.com\/wp-content\/uploads\/2016\/08\/masalladelfeminismo-222x300.png"},{"@type":"BreadcrumbList","@id":"https:\/\/www.rosalvaaidahernandez.com\/proyectos-colectivos\/red-feminismos-descoloniales\/#breadcrumb","itemListElement":[{"@type":"ListItem","position":1,"name":"Home","item":"https:\/\/www.rosalvaaidahernandez.com\/"},{"@type":"ListItem","position":2,"name":"Proyectos Colectivos","item":"https:\/\/www.rosalvaaidahernandez.com\/proyectos-colectivos\/"},{"@type":"ListItem","position":3,"name":"Network of Decolonial Feminisms"}]},{"@type":"WebSite","@id":"https:\/\/www.rosalvaaidahernandez.com\/#website","url":"https:\/\/www.rosalvaaidahernandez.com\/","name":"Rosalva A\u00edda Hern\u00e1ndez","description":"  EL CONOCIMIENTO ES PARA COMPARTIRLO","potentialAction":[{"@type":"SearchAction","target":{"@type":"EntryPoint","urlTemplate":"https:\/\/www.rosalvaaidahernandez.com\/?s={search_term_string}"},"query-input":{"@type":"PropertyValueSpecification","valueRequired":true,"valueName":"search_term_string"}}],"inLanguage":"es"}]}},"jetpack_sharing_enabled":true,"jetpack_shortlink":"https:\/\/wp.me\/P7OkkD-I","_links":{"self":[{"href":"https:\/\/www.rosalvaaidahernandez.com\/es\/wp-json\/wp\/v2\/pages\/44","targetHints":{"allow":["GET"]}}],"collection":[{"href":"https:\/\/www.rosalvaaidahernandez.com\/es\/wp-json\/wp\/v2\/pages"}],"about":[{"href":"https:\/\/www.rosalvaaidahernandez.com\/es\/wp-json\/wp\/v2\/types\/page"}],"author":[{"embeddable":true,"href":"https:\/\/www.rosalvaaidahernandez.com\/es\/wp-json\/wp\/v2\/users\/1"}],"replies":[{"embeddable":true,"href":"https:\/\/www.rosalvaaidahernandez.com\/es\/wp-json\/wp\/v2\/comments?post=44"}],"version-history":[{"count":15,"href":"https:\/\/www.rosalvaaidahernandez.com\/es\/wp-json\/wp\/v2\/pages\/44\/revisions"}],"predecessor-version":[{"id":624,"href":"https:\/\/www.rosalvaaidahernandez.com\/es\/wp-json\/wp\/v2\/pages\/44\/revisions\/624"}],"up":[{"embeddable":true,"href":"https:\/\/www.rosalvaaidahernandez.com\/es\/wp-json\/wp\/v2\/pages\/40"}],"wp:attachment":[{"href":"https:\/\/www.rosalvaaidahernandez.com\/es\/wp-json\/wp\/v2\/media?parent=44"}],"curies":[{"name":"wp","href":"https:\/\/api.w.org\/{rel}","templated":true}]}}