{"id":25,"date":"2016-08-19T20:44:33","date_gmt":"2016-08-19T20:44:33","guid":{"rendered":"http:\/\/www.rosalvaaidahernandez.com\/?page_id=25"},"modified":"2020-10-02T19:03:29","modified_gmt":"2020-10-02T19:03:29","slug":"publicaciones","status":"publish","type":"page","link":"https:\/\/www.rosalvaaidahernandez.com\/es\/publicaciones\/","title":{"rendered":"Publicaciones"},"content":{"rendered":"<p><\/p>\n<p class=\"font_8\" style=\"text-align: justify;\"><span class=\"color_15\">La mayor\u00eda de los textos incluidos en este blog pueden bajarse gratuitamente haciendo \u00abclick\u00bb en la portada de los mismos, a excepci\u00f3n de aquellos que por derechos de autor deben comprarse en la p\u00e1gina de los editores y aparecen con el signo de \u00abcompra\u00bb.<\/span><\/p>\n<p><\/p>","protected":false},"excerpt":{"rendered":"<p>La mayor\u00eda de los textos incluidos en este blog pueden bajarse gratuitamente haciendo \u00abclick\u00bb en la portada de los mismos, a excepci\u00f3n de aquellos que por derechos de autor deben comprarse en la p\u00e1gina de los editores y aparecen con el signo de \u00abcompra\u00bb.<\/p>\n","protected":false},"author":1,"featured_media":0,"parent":0,"menu_order":0,"comment_status":"closed","ping_status":"closed","template":"","meta":{"_exactmetrics_skip_tracking":false,"_exactmetrics_sitenote_active":false,"_exactmetrics_sitenote_note":"","_exactmetrics_sitenote_category":0,"footnotes":""},"class_list":["post-25","page","type-page","status-publish","hentry"],"yoast_head":"<!-- This site is optimized with the Yoast SEO plugin v27.2 - https:\/\/yoast.com\/product\/yoast-seo-wordpress\/ -->\n<title>Publicaciones - Rosalva A\u00edda Hern\u00e1ndez<\/title>\n<meta name=\"robots\" content=\"index, follow, max-snippet:-1, max-image-preview:large, max-video-preview:-1\" \/>\n<link rel=\"canonical\" href=\"https:\/\/www.rosalvaaidahernandez.com\/es\/publicaciones\/\" \/>\n<meta property=\"og:locale\" content=\"es_ES\" \/>\n<meta property=\"og:type\" content=\"article\" \/>\n<meta property=\"og:title\" content=\"Publicaciones - Rosalva A\u00edda Hern\u00e1ndez\" \/>\n<meta property=\"og:description\" content=\"La mayor\u00eda de los textos incluidos en este blog pueden bajarse gratuitamente haciendo \u00abclick\u00bb en la portada de los mismos, a excepci\u00f3n de aquellos que por derechos de autor deben comprarse en la p\u00e1gina de los editores y aparecen con el signo de \u00abcompra\u00bb.\" \/>\n<meta property=\"og:url\" content=\"https:\/\/www.rosalvaaidahernandez.com\/es\/publicaciones\/\" \/>\n<meta property=\"og:site_name\" content=\"Rosalva A\u00edda Hern\u00e1ndez\" \/>\n<meta property=\"article:modified_time\" content=\"2020-10-02T19:03:29+00:00\" \/>\n<meta name=\"twitter:card\" content=\"summary_large_image\" \/>\n<script type=\"application\/ld+json\" class=\"yoast-schema-graph\">{\"@context\":\"https:\/\/schema.org\",\"@graph\":[{\"@type\":\"WebPage\",\"@id\":\"https:\/\/www.rosalvaaidahernandez.com\/es\/publicaciones\/\",\"url\":\"https:\/\/www.rosalvaaidahernandez.com\/es\/publicaciones\/\",\"name\":\"Publicaciones - Rosalva A\u00edda Hern\u00e1ndez\",\"isPartOf\":{\"@id\":\"https:\/\/www.rosalvaaidahernandez.com\/#website\"},\"datePublished\":\"2016-08-19T20:44:33+00:00\",\"dateModified\":\"2020-10-02T19:03:29+00:00\",\"breadcrumb\":{\"@id\":\"https:\/\/www.rosalvaaidahernandez.com\/es\/publicaciones\/#breadcrumb\"},\"inLanguage\":\"es\",\"potentialAction\":[{\"@type\":\"ReadAction\",\"target\":[\"https:\/\/www.rosalvaaidahernandez.com\/es\/publicaciones\/\"]}]},{\"@type\":\"BreadcrumbList\",\"@id\":\"https:\/\/www.rosalvaaidahernandez.com\/es\/publicaciones\/#breadcrumb\",\"itemListElement\":[{\"@type\":\"ListItem\",\"position\":1,\"name\":\"Home\",\"item\":\"https:\/\/www.rosalvaaidahernandez.com\/\"},{\"@type\":\"ListItem\",\"position\":2,\"name\":\"Publicaciones\"}]},{\"@type\":\"WebSite\",\"@id\":\"https:\/\/www.rosalvaaidahernandez.com\/#website\",\"url\":\"https:\/\/www.rosalvaaidahernandez.com\/\",\"name\":\"Rosalva A\u00edda Hern\u00e1ndez\",\"description\":\"  EL CONOCIMIENTO ES PARA COMPARTIRLO\",\"potentialAction\":[{\"@type\":\"SearchAction\",\"target\":{\"@type\":\"EntryPoint\",\"urlTemplate\":\"https:\/\/www.rosalvaaidahernandez.com\/?s={search_term_string}\"},\"query-input\":{\"@type\":\"PropertyValueSpecification\",\"valueRequired\":true,\"valueName\":\"search_term_string\"}}],\"inLanguage\":\"es\"}]}<\/script>\n<!-- \/ Yoast SEO plugin. -->","yoast_head_json":{"title":"Publicaciones - Rosalva A\u00edda Hern\u00e1ndez","robots":{"index":"index","follow":"follow","max-snippet":"max-snippet:-1","max-image-preview":"max-image-preview:large","max-video-preview":"max-video-preview:-1"},"canonical":"https:\/\/www.rosalvaaidahernandez.com\/es\/publicaciones\/","og_locale":"es_ES","og_type":"article","og_title":"Publicaciones - Rosalva A\u00edda Hern\u00e1ndez","og_description":"La mayor\u00eda de los textos incluidos en este blog pueden bajarse gratuitamente haciendo \u00abclick\u00bb en la portada de los mismos, a excepci\u00f3n de aquellos que por derechos de autor deben comprarse en la p\u00e1gina de los editores y aparecen con el signo de \u00abcompra\u00bb.","og_url":"https:\/\/www.rosalvaaidahernandez.com\/es\/publicaciones\/","og_site_name":"Rosalva A\u00edda Hern\u00e1ndez","article_modified_time":"2020-10-02T19:03:29+00:00","twitter_card":"summary_large_image","schema":{"@context":"https:\/\/schema.org","@graph":[{"@type":"WebPage","@id":"https:\/\/www.rosalvaaidahernandez.com\/es\/publicaciones\/","url":"https:\/\/www.rosalvaaidahernandez.com\/es\/publicaciones\/","name":"Publicaciones - Rosalva A\u00edda Hern\u00e1ndez","isPartOf":{"@id":"https:\/\/www.rosalvaaidahernandez.com\/#website"},"datePublished":"2016-08-19T20:44:33+00:00","dateModified":"2020-10-02T19:03:29+00:00","breadcrumb":{"@id":"https:\/\/www.rosalvaaidahernandez.com\/es\/publicaciones\/#breadcrumb"},"inLanguage":"es","potentialAction":[{"@type":"ReadAction","target":["https:\/\/www.rosalvaaidahernandez.com\/es\/publicaciones\/"]}]},{"@type":"BreadcrumbList","@id":"https:\/\/www.rosalvaaidahernandez.com\/es\/publicaciones\/#breadcrumb","itemListElement":[{"@type":"ListItem","position":1,"name":"Home","item":"https:\/\/www.rosalvaaidahernandez.com\/"},{"@type":"ListItem","position":2,"name":"Publicaciones"}]},{"@type":"WebSite","@id":"https:\/\/www.rosalvaaidahernandez.com\/#website","url":"https:\/\/www.rosalvaaidahernandez.com\/","name":"Rosalva A\u00edda Hern\u00e1ndez","description":"  EL CONOCIMIENTO ES PARA COMPARTIRLO","potentialAction":[{"@type":"SearchAction","target":{"@type":"EntryPoint","urlTemplate":"https:\/\/www.rosalvaaidahernandez.com\/?s={search_term_string}"},"query-input":{"@type":"PropertyValueSpecification","valueRequired":true,"valueName":"search_term_string"}}],"inLanguage":"es"}]}},"jetpack_sharing_enabled":true,"jetpack_shortlink":"https:\/\/wp.me\/P7OkkD-p","_links":{"self":[{"href":"https:\/\/www.rosalvaaidahernandez.com\/es\/wp-json\/wp\/v2\/pages\/25","targetHints":{"allow":["GET"]}}],"collection":[{"href":"https:\/\/www.rosalvaaidahernandez.com\/es\/wp-json\/wp\/v2\/pages"}],"about":[{"href":"https:\/\/www.rosalvaaidahernandez.com\/es\/wp-json\/wp\/v2\/types\/page"}],"author":[{"embeddable":true,"href":"https:\/\/www.rosalvaaidahernandez.com\/es\/wp-json\/wp\/v2\/users\/1"}],"replies":[{"embeddable":true,"href":"https:\/\/www.rosalvaaidahernandez.com\/es\/wp-json\/wp\/v2\/comments?post=25"}],"version-history":[{"count":4,"href":"https:\/\/www.rosalvaaidahernandez.com\/es\/wp-json\/wp\/v2\/pages\/25\/revisions"}],"predecessor-version":[{"id":760,"href":"https:\/\/www.rosalvaaidahernandez.com\/es\/wp-json\/wp\/v2\/pages\/25\/revisions\/760"}],"wp:attachment":[{"href":"https:\/\/www.rosalvaaidahernandez.com\/es\/wp-json\/wp\/v2\/media?parent=25"}],"curies":[{"name":"wp","href":"https:\/\/api.w.org\/{rel}","templated":true}]}}