{"id":150,"date":"2016-09-18T19:17:28","date_gmt":"2016-09-18T19:17:28","guid":{"rendered":"http:\/\/www.rosalvaaidahernandez.com\/?page_id=150"},"modified":"2020-04-23T22:37:02","modified_gmt":"2020-04-23T22:37:02","slug":"articulos-periodisticos","status":"publish","type":"page","link":"https:\/\/www.rosalvaaidahernandez.com\/es\/publicaciones\/articulos-periodisticos\/","title":{"rendered":"Art\u00edculos Period\u00edsticos"},"content":{"rendered":"<p><\/p>\n<ul>\n<li><strong><a target=\"_blank\" href=\"https:\/\/www.jornada.com.mx\/2019\/10\/16\/opinion\/018a1pol\" rel=\"noopener noreferrer\">La fuerza de la insurrecci\u00f3n en Ecuador<\/a><\/strong><br \/>\nLa Jornada, 16 de octubre 2019<\/li>\n<li><a target=\"_blank\" href=\"https:\/\/www.jornada.com.mx\/2019\/10\/06\/opinion\/016a1pol\" rel=\"noopener noreferrer\"><strong>La Ley de Amnist\u00eda, s\u00f3lo el comienzo<\/strong><\/a><br \/>\nLa Jornada, 6 de octubre 2019<\/li>\n<li><strong><a target=\"_blank\" href=\"https:\/\/www.jornada.com.mx\/2019\/08\/29\/opinion\/016a2pol\" rel=\"noopener noreferrer\">Mar\u00eda Luisa Villanueva: 21 a\u00f1os demandando justicia<\/a><\/strong><br \/>\nLa Jornada, 29 de agosto 2019<\/li>\n<li><strong><a target=\"_blank\" href=\"https:\/\/www.jornada.com.mx\/2019\/06\/08\/opinion\/019a2pol\" rel=\"noopener noreferrer\">La crisis de Honduras y las responsabilidades hist\u00f3ricas de EU<\/a><\/strong><br \/>\nLa Jornada, 8 de junio 2019<\/li>\n<li><strong><a target=\"_blank\" href=\"https:\/\/www.jornada.com.mx\/2019\/05\/09\/opinion\/016a2pol\" rel=\"noopener noreferrer\">Madres en b\u00fasqueda, remueven conciencias<\/a><\/strong><br \/>\nLa Jornada, 9 de mayo 2019<\/li>\n<li><a target=\"_blank\" href=\"https:\/\/adondevanlosdesaparecidos.org\/2019\/04\/25\/las-multiples-ausencias-de-los-indigenas-desaparecidos-en-mexico\/\" rel=\"noopener noreferrer\"><strong>Las m\u00faltiples ausencias de los ind\u00edgenas desaparecidos en M\u00e9xico<\/strong><\/a><br \/>\nPortal A d\u00f3nde van los desaparecidos, 25 de abril 2019<\/li>\n<li><a target=\"_blank\" href=\"https:\/\/www.jornada.com.mx\/2019\/03\/22\/opinion\/017a1pol\" rel=\"noopener noreferrer\"><strong>\u00bfD\u00f3nde est\u00e1n los migrantes desaparecidos?<\/strong><\/a><br \/>\nLa Jornada, 22 de marzo 2019<\/li>\n<li><a target=\"_blank\" href=\"https:\/\/www.jornada.com.mx\/2019\/01\/10\/opinion\/018a2pol#.XcTwEj_9YaY.link\" rel=\"noopener noreferrer\"><strong>La sentencia del caso Alvarado y los peligros de la Guardia Nacional<\/strong><\/a><br \/>\nLa Jornada, 10 de enero 2019<\/li>\n<li><strong><a target=\"_blank\" href=\"https:\/\/adondevanlosdesaparecidos.org\/2018\/12\/06\/si-tan-solo-me-hubieran-dejado-tocar-su-craneo-saberes-forenses-de-las-madres-de-desaparecidos\/\" rel=\"noopener noreferrer\">\u201cSi tan s\u00f3lo me hubieran dejado tocar su cr\u00e1neo\u201d: Saberes forenses de las madres de desaparecidos\u00a0<\/a><\/strong><br \/>\nPortal A d\u00f3nde van los desaparecidos, 6 de diciembre 2018<\/li>\n<li><strong><a target=\"_blank\" href=\"https:\/\/www.jornada.com.mx\/2018\/11\/25\/opinion\/033a1soc\" rel=\"noopener noreferrer\">El 25 de noviembre y la violencia del estado patriarcal<\/a><\/strong><br \/>\nLa Jornada, 25 de noviembre 2018<\/li>\n<li><strong><a href=\"http:\/\/www.jornada.com.mx\/2018\/08\/05\/politica\/013a1pol?partner=rss\">Juana Reymundo: mujeres ind\u00edgenas, violencias y resistencias<\/a><br \/>\n<\/strong>La Jornada, 5 de agosto de 2018<strong><br \/>\n<\/strong><\/li>\n<li><strong><a href=\"http:\/\/www.jornada.com.mx\/2018\/04\/26\/opinion\/019a1pol\">Caso Alvarado en la Corte<\/a><\/strong><br \/>\nLa Jornada, 26 de abril de 2018<\/li>\n<li><strong><a href=\"http:\/\/www.rosalvaaidahernandez.com\/wp-content\/uploads\/2018\/05\/un-encuentro-donde-confluyeron-muchos-mundo-portada-y-articulo.pdf\">Un encuentro en el que confluyeron muchos mundos<\/a><\/strong><br \/>\nLa Jornada del campo, 21 de abril de 2018<\/li>\n<li><strong><a href=\"http:\/\/www.jornada.unam.mx\/2018\/03\/08\/opinion\/021a1pol\">Pueblos yoremes: \u00bfpara\u00edsos ind\u00edgenas o violencias silenciadas?<\/a><\/strong><br \/>\nLa Jornada, 8 de marzo de 2018<\/li>\n<li><strong><a target=\"_blank\" href=\"http:\/\/www.jornada.unam.mx\/2018\/01\/24\/opinion\/020a1pol\" rel=\"noopener noreferrer\">Mujeres ind\u00edgenas: violencias y resistencias<\/a><\/strong><br \/>\nLa Jornada,\u00a024 de enero de 2018<\/li>\n<li><strong><a target=\"_blank\" href=\"http:\/\/www.jornada.unam.mx\/2017\/10\/26\/opinion\/019a2pol\" rel=\"noopener noreferrer\">Recuperar la dignidad<\/a><\/strong><br \/>\nLa Jornada,\u00a026 de octubre de 2017<\/li>\n<li><strong><a target=\"_blank\" href=\"http:\/\/www.jornada.unam.mx\/2017\/09\/28\/opinion\/032a1pol\" rel=\"noopener noreferrer\">Los Tigres de Hueyapan, el sismo y la solidaridad<\/a><\/strong><br \/>\nLa Jornada,\u00a028 de septiembre de 2017<\/li>\n<li><a target=\"_blank\" href=\"http:\/\/www.jornada.unam.mx\/2017\/07\/10\/opinion\/021a1pol\" rel=\"noopener noreferrer\"><span style=\"text-decoration: underline;\"><strong>Cuerpos desechables y violencia penitenciaria<\/strong><\/span><\/a><br \/>\nLa Jornada, 10 de julio de 2017<\/li>\n<li><a target=\"_blank\" href=\"http:\/\/www.jornada.unam.mx\/2017\/05\/29\/opinion\/018a1pol\" rel=\"noopener noreferrer\"><strong>Hasta las madres&#8230;<\/strong><\/a><br \/>\nLa Jornada, 29 de mayo 2017<\/li>\n<li><strong><a target=\"_blank\" href=\"http:\/\/www.jornada.unam.mx\/2017\/04\/20\/opinion\/020a1pol\" rel=\"noopener noreferrer\">En solidaridad con Las Buscadoras de El Fuerte<\/a><\/strong><br \/>\nLa Jornada, 20 de abril 2017<\/li>\n<li><strong><a target=\"_blank\" href=\"http:\/\/www.jornada.unam.mx\/2017\/03\/30\/opinion\/024a2pol\" rel=\"noopener noreferrer\">De fosas clandestinas y desapariciones<br \/>\n<\/a><\/strong>La Jornada, 30 de marzo 2017<\/li>\n<li><strong><a target=\"_blank\" href=\"http:\/\/www.jornada.unam.mx\/ultimas\/2017\/03\/07\/nosotras-paramos-r-aida-hernandez-castillo\" rel=\"noopener noreferrer\">Nosotras paramos\u00a0<\/a><\/strong><br \/>\nLa Jornada, 7 de marzo 2017<\/li>\n<li><strong><a target=\"_blank\" href=\"http:\/\/www.jornada.unam.mx\/2017\/01\/23\/opinion\/020a2pol\" rel=\"noopener noreferrer\">Trump y los \u00abasuntos de las mujeres\u00bb<\/a><\/strong><br \/>\nLa Jornada, 23 de enero 2017<\/li>\n<li><strong><a target=\"_blank\" href=\"http:\/\/www.jornada.unam.mx\/ultimas\/2016\/11\/05\/resistencia-indigena-en-estados-unidos-r-aida-hernandez-castillo\" rel=\"noopener noreferrer\">Resistencia ind\u00edgena en Estados Unidos<br \/>\n<\/a><\/strong>La Jornada, 05 de noviembre 2016<\/li>\n<li><a target=\"_blank\" href=\"http:\/\/www.jornada.unam.mx\/2016\/09\/01\/opinion\/018a2pol\" rel=\"noopener noreferrer\"><strong>Los Secretos de Michapa: Privatizaci\u00f3n y Violencia Carcelaria<\/strong><\/a><br \/>\nLa Jornada, 1 de septiember 2016<\/li>\n<li><a target=\"_blank\" href=\"http:\/\/www.jornada.unam.mx\/2016\/04\/22\/opinion\/022a1pol\" rel=\"noopener noreferrer\"><strong>Tortura y Pedagog\u00eda del Terror en M\u00e9xico CRAC<\/strong><\/a><br \/>\nLa Jornada, 22 de abril 2016<\/li>\n<li><strong><a target=\"_blank\" href=\"http:\/\/www.jornada.unam.mx\/2016\/03\/29\/opinion\/013a2pol\" rel=\"noopener noreferrer\">Nestora y los Presos Pol\u00edticos de la CRAC<\/a><\/strong><br \/>\nLa Jornada, 29 de marzo 2016<\/li>\n<li><strong><a target=\"_blank\" href=\"http:\/\/suracapulco.mx\/2\/la-liberacion-de-nestora-es-parte-de-la-lucha-por-los-comunitarios-presos-dice-antropologa\/\" rel=\"noopener noreferrer\">La Liberaci\u00f3n de Nestora es Parte de la Lucha por los Comunitarios Presos, dice Antrop\u00f3loga<\/a><\/strong><br \/>\nEl Sur, 25 de marzo 2016<\/li>\n<li><strong><a target=\"_blank\" href=\"http:\/\/www.jornada.unam.mx\/2016\/02\/16\/opinion\/019a2pol\" rel=\"noopener noreferrer\">A 20 A\u00f1os de los Acuerdos de San Andr\u00e9s<\/a><\/strong><br \/>\nLa Jornada, 16 de febrero 2016<\/li>\n<li><a target=\"_blank\" href=\"http:\/\/www.jornada.unam.mx\/2015\/11\/13\/opinion\/032a1pol\" rel=\"noopener noreferrer\"><strong>Fosas Comunes, Cementerios Clandestinos y Cuerpos Desechables<\/strong><\/a><br \/>\nLa Jornada, 13 de noviembre 2015<\/li>\n<li><strong><a target=\"_blank\" href=\"http:\/\/www.jornada.unam.mx\/2015\/10\/14\/opinion\/020a2pol\" rel=\"noopener noreferrer\">Los Estados Latinoamericanos Ante los Pueblos Ind\u00edgenas<\/a><\/strong><br \/>\nLa Jornada, 14 de octubre 2015<\/li>\n<li><strong><a target=\"_blank\" href=\"http:\/\/www.jornada.unam.mx\/2015\/09\/13\/opinion\/008a1pol\" rel=\"noopener noreferrer\">El Informe del GIEI y las Lecciones de Guatemala<\/a><\/strong><br \/>\nLa Jornada, 13 de septiembre 2015<\/li>\n<li><strong><a href=\"http:\/\/www.jornada.unam.mx\/2015\/08\/24\/opinion\/022a2pol\">Nestora, El Narcoestado y la Violencia Patriarcal<\/a><\/strong><br \/>\nLa Jornada, 24 de agosto 2015<\/li>\n<li><strong><a target=\"_blank\" href=\"http:\/\/www.jornada.unam.mx\/2015\/08\/03\/opinion\/019a1pol\" rel=\"noopener noreferrer\">El Racismo Judicial y las Polic\u00edas Comunitarias en Guerrero<\/a><\/strong><br \/>\nLa Jornada, 3 de agosto 2015<\/li>\n<li><a target=\"_blank\" href=\"https:\/\/desinformemonos.org\/narco-estado-y-deslegitimacion-de-la-democracia-electoral\/\" rel=\"noopener noreferrer\"><strong>Narco-Estado y Deslegitimaci\u00f3n de la Democracia Electoral<\/strong><\/a><br \/>\ndesInform\u00e9monos<\/li>\n<li><strong><a target=\"_blank\" href=\"http:\/\/www.jornada.unam.mx\/2015\/04\/14\/opinion\/026a1pol\" rel=\"noopener noreferrer\">C\u00e1rceles, Violencia de G\u00e9nero y Racismo Institucional<\/a><\/strong><br \/>\nLa Jornada, 14 de abril del 2015<\/li>\n<li><strong><a target=\"_blank\" href=\"http:\/\/www.jornada.unam.mx\/2015\/03\/14\/opinion\/014a1pol\" rel=\"noopener noreferrer\">Luis Villoro y la Autonom\u00eda Ind\u00edgena<\/a><\/strong><br \/>\nLa Jornada, 14 de marzo del 2015<\/li>\n<li><a target=\"_blank\" href=\"http:\/\/lasa.international.pitt.edu\/forum\/files\/vol46-issue1\/Debates-11.pdf\" rel=\"noopener noreferrer\"><strong>Ayotzinapa \u00bfFue el Estado? Reflexiones desde la Antropolog\u00eda Pol\u00edtica de Guerreo<\/strong><\/a><br \/>\nLASA FORUM, 2015<\/li>\n<li><strong><a target=\"_blank\" href=\"http:\/\/www.jornada.unam.mx\/2014\/10\/11\/opinion\/014a1pol\" rel=\"noopener noreferrer\">Ra\u00fal Alvarez Garin y los Jovenes de Ayotzinapa<\/a><\/strong><br \/>\nLa Jornada, 11 de octubre 2014<\/li>\n<li><strong><a target=\"_blank\" href=\"http:\/\/www.jornada.unam.mx\/2014\/09\/15\/opinion\/016a1pol\" rel=\"noopener noreferrer\">Certificaci\u00f3n Carcelaria: \u00bfNuevo Embate del Intervencionismo Estadunidense?<\/a><\/strong><br \/>\nLa Jornada, 15 de septiembre 2014<\/li>\n<li><a target=\"_blank\" href=\"http:\/\/www.jornada.unam.mx\/2013\/05\/05\/opinion\/015a1pol\" rel=\"noopener noreferrer\"><strong>Recuerdo Atenco: La Memoria como Resistencia<\/strong><\/a><br \/>\nLa Jornada, 5 de mayo 2013<\/li>\n<li><strong><a target=\"_blank\" href=\"http:\/\/www.jornada.unam.mx\/2013\/03\/08\/opinion\/028a1pol\" rel=\"noopener noreferrer\">\u00bfMas Estado es M\u00e1s Seguridad? En Defensa de la Autonom\u00eda Ind\u00edgena<\/a><\/strong><br \/>\nLa Jornada, 8 de marzo 2013<\/li>\n<li><a target=\"_blank\" href=\"http:\/\/lasa.international.pitt.edu\/forum\/files\/vol43-issue1\/ontheprofession5.pdf\" rel=\"noopener noreferrer\"><strong>Mujeres Ind\u00edgenas Presas en M\u00e9xico y Estados Unidos: Un Desaf\u00edo Hemisf\u00e9rico para los Estudios Ind\u00edgenas<\/strong><\/a><br \/>\nLASA FORUM, 2012<\/li>\n<li><strong><a target=\"_blank\" href=\"http:\/\/www.jornada.unam.mx\/2012\/03\/06\/opinion\/039a1soc\" rel=\"noopener noreferrer\">El Secretario de Gobernaci\u00f3n Pide Perd\u00f3n a In\u00e9s Fern\u00e1ndez<\/a><\/strong><br \/>\nLa Jornada, 6 de marzo 2012<\/li>\n<li><\/li>\n<\/ul>\n<p><\/p>","protected":false},"excerpt":{"rendered":"<p>La fuerza de la insurrecci\u00f3n en Ecuador La Jornada, 16 de octubre 2019 La Ley de Amnist\u00eda, s\u00f3lo el comienzo La Jornada, 6 de octubre 2019 Mar\u00eda Luisa Villanueva: 21 a\u00f1os demandando justicia La Jornada, 29 de agosto 2019 La crisis de Honduras y las responsabilidades hist\u00f3ricas de EU La Jornada, 8 de junio 2019 [&hellip;]<\/p>\n","protected":false},"author":1,"featured_media":0,"parent":25,"menu_order":0,"comment_status":"closed","ping_status":"closed","template":"","meta":{"_exactmetrics_skip_tracking":false,"_exactmetrics_sitenote_active":false,"_exactmetrics_sitenote_note":"","_exactmetrics_sitenote_category":0,"footnotes":""},"class_list":["post-150","page","type-page","status-publish","hentry"],"yoast_head":"<!-- This site is optimized with the Yoast SEO plugin v27.2 - https:\/\/yoast.com\/product\/yoast-seo-wordpress\/ -->\n<title>Art\u00edculos Period\u00edsticos - Rosalva A\u00edda Hern\u00e1ndez<\/title>\n<meta name=\"robots\" content=\"index, follow, max-snippet:-1, max-image-preview:large, max-video-preview:-1\" \/>\n<link rel=\"canonical\" href=\"https:\/\/www.rosalvaaidahernandez.com\/es\/publicaciones\/articulos-periodisticos\/\" \/>\n<meta property=\"og:locale\" content=\"es_ES\" \/>\n<meta property=\"og:type\" content=\"article\" \/>\n<meta property=\"og:title\" content=\"Art\u00edculos Period\u00edsticos - Rosalva A\u00edda Hern\u00e1ndez\" \/>\n<meta property=\"og:description\" content=\"La fuerza de la insurrecci\u00f3n en Ecuador La Jornada, 16 de octubre 2019 La Ley de Amnist\u00eda, s\u00f3lo el comienzo La Jornada, 6 de octubre 2019 Mar\u00eda Luisa Villanueva: 21 a\u00f1os demandando justicia La Jornada, 29 de agosto 2019 La crisis de Honduras y las responsabilidades hist\u00f3ricas de EU La Jornada, 8 de junio 2019 [&hellip;]\" \/>\n<meta property=\"og:url\" content=\"https:\/\/www.rosalvaaidahernandez.com\/es\/publicaciones\/articulos-periodisticos\/\" \/>\n<meta property=\"og:site_name\" content=\"Rosalva A\u00edda Hern\u00e1ndez\" \/>\n<meta property=\"article:modified_time\" content=\"2020-04-23T22:37:02+00:00\" \/>\n<meta name=\"twitter:card\" content=\"summary_large_image\" \/>\n<meta name=\"twitter:label1\" content=\"Tiempo de lectura\" \/>\n\t<meta name=\"twitter:data1\" content=\"6 minutos\" \/>\n<script type=\"application\/ld+json\" class=\"yoast-schema-graph\">{\"@context\":\"https:\/\/schema.org\",\"@graph\":[{\"@type\":\"WebPage\",\"@id\":\"https:\/\/www.rosalvaaidahernandez.com\/es\/publicaciones\/articulos-periodisticos\/\",\"url\":\"https:\/\/www.rosalvaaidahernandez.com\/es\/publicaciones\/articulos-periodisticos\/\",\"name\":\"Art\u00edculos Period\u00edsticos - Rosalva A\u00edda Hern\u00e1ndez\",\"isPartOf\":{\"@id\":\"https:\/\/www.rosalvaaidahernandez.com\/#website\"},\"datePublished\":\"2016-09-18T19:17:28+00:00\",\"dateModified\":\"2020-04-23T22:37:02+00:00\",\"breadcrumb\":{\"@id\":\"https:\/\/www.rosalvaaidahernandez.com\/es\/publicaciones\/articulos-periodisticos\/#breadcrumb\"},\"inLanguage\":\"es\",\"potentialAction\":[{\"@type\":\"ReadAction\",\"target\":[\"https:\/\/www.rosalvaaidahernandez.com\/es\/publicaciones\/articulos-periodisticos\/\"]}]},{\"@type\":\"BreadcrumbList\",\"@id\":\"https:\/\/www.rosalvaaidahernandez.com\/es\/publicaciones\/articulos-periodisticos\/#breadcrumb\",\"itemListElement\":[{\"@type\":\"ListItem\",\"position\":1,\"name\":\"Home\",\"item\":\"https:\/\/www.rosalvaaidahernandez.com\/\"},{\"@type\":\"ListItem\",\"position\":2,\"name\":\"Publicaciones\",\"item\":\"https:\/\/www.rosalvaaidahernandez.com\/es\/publicaciones\/\"},{\"@type\":\"ListItem\",\"position\":3,\"name\":\"Art\u00edculos Period\u00edsticos\"}]},{\"@type\":\"WebSite\",\"@id\":\"https:\/\/www.rosalvaaidahernandez.com\/#website\",\"url\":\"https:\/\/www.rosalvaaidahernandez.com\/\",\"name\":\"Rosalva A\u00edda Hern\u00e1ndez\",\"description\":\"  EL CONOCIMIENTO ES PARA COMPARTIRLO\",\"potentialAction\":[{\"@type\":\"SearchAction\",\"target\":{\"@type\":\"EntryPoint\",\"urlTemplate\":\"https:\/\/www.rosalvaaidahernandez.com\/?s={search_term_string}\"},\"query-input\":{\"@type\":\"PropertyValueSpecification\",\"valueRequired\":true,\"valueName\":\"search_term_string\"}}],\"inLanguage\":\"es\"}]}<\/script>\n<!-- \/ Yoast SEO plugin. -->","yoast_head_json":{"title":"Art\u00edculos Period\u00edsticos - Rosalva A\u00edda Hern\u00e1ndez","robots":{"index":"index","follow":"follow","max-snippet":"max-snippet:-1","max-image-preview":"max-image-preview:large","max-video-preview":"max-video-preview:-1"},"canonical":"https:\/\/www.rosalvaaidahernandez.com\/es\/publicaciones\/articulos-periodisticos\/","og_locale":"es_ES","og_type":"article","og_title":"Art\u00edculos Period\u00edsticos - Rosalva A\u00edda Hern\u00e1ndez","og_description":"La fuerza de la insurrecci\u00f3n en Ecuador La Jornada, 16 de octubre 2019 La Ley de Amnist\u00eda, s\u00f3lo el comienzo La Jornada, 6 de octubre 2019 Mar\u00eda Luisa Villanueva: 21 a\u00f1os demandando justicia La Jornada, 29 de agosto 2019 La crisis de Honduras y las responsabilidades hist\u00f3ricas de EU La Jornada, 8 de junio 2019 [&hellip;]","og_url":"https:\/\/www.rosalvaaidahernandez.com\/es\/publicaciones\/articulos-periodisticos\/","og_site_name":"Rosalva A\u00edda Hern\u00e1ndez","article_modified_time":"2020-04-23T22:37:02+00:00","twitter_card":"summary_large_image","twitter_misc":{"Tiempo de lectura":"6 minutos"},"schema":{"@context":"https:\/\/schema.org","@graph":[{"@type":"WebPage","@id":"https:\/\/www.rosalvaaidahernandez.com\/es\/publicaciones\/articulos-periodisticos\/","url":"https:\/\/www.rosalvaaidahernandez.com\/es\/publicaciones\/articulos-periodisticos\/","name":"Art\u00edculos Period\u00edsticos - Rosalva A\u00edda Hern\u00e1ndez","isPartOf":{"@id":"https:\/\/www.rosalvaaidahernandez.com\/#website"},"datePublished":"2016-09-18T19:17:28+00:00","dateModified":"2020-04-23T22:37:02+00:00","breadcrumb":{"@id":"https:\/\/www.rosalvaaidahernandez.com\/es\/publicaciones\/articulos-periodisticos\/#breadcrumb"},"inLanguage":"es","potentialAction":[{"@type":"ReadAction","target":["https:\/\/www.rosalvaaidahernandez.com\/es\/publicaciones\/articulos-periodisticos\/"]}]},{"@type":"BreadcrumbList","@id":"https:\/\/www.rosalvaaidahernandez.com\/es\/publicaciones\/articulos-periodisticos\/#breadcrumb","itemListElement":[{"@type":"ListItem","position":1,"name":"Home","item":"https:\/\/www.rosalvaaidahernandez.com\/"},{"@type":"ListItem","position":2,"name":"Publicaciones","item":"https:\/\/www.rosalvaaidahernandez.com\/es\/publicaciones\/"},{"@type":"ListItem","position":3,"name":"Art\u00edculos Period\u00edsticos"}]},{"@type":"WebSite","@id":"https:\/\/www.rosalvaaidahernandez.com\/#website","url":"https:\/\/www.rosalvaaidahernandez.com\/","name":"Rosalva A\u00edda Hern\u00e1ndez","description":"  EL CONOCIMIENTO ES PARA COMPARTIRLO","potentialAction":[{"@type":"SearchAction","target":{"@type":"EntryPoint","urlTemplate":"https:\/\/www.rosalvaaidahernandez.com\/?s={search_term_string}"},"query-input":{"@type":"PropertyValueSpecification","valueRequired":true,"valueName":"search_term_string"}}],"inLanguage":"es"}]}},"jetpack_sharing_enabled":true,"jetpack_shortlink":"https:\/\/wp.me\/P7OkkD-2q","_links":{"self":[{"href":"https:\/\/www.rosalvaaidahernandez.com\/es\/wp-json\/wp\/v2\/pages\/150","targetHints":{"allow":["GET"]}}],"collection":[{"href":"https:\/\/www.rosalvaaidahernandez.com\/es\/wp-json\/wp\/v2\/pages"}],"about":[{"href":"https:\/\/www.rosalvaaidahernandez.com\/es\/wp-json\/wp\/v2\/types\/page"}],"author":[{"embeddable":true,"href":"https:\/\/www.rosalvaaidahernandez.com\/es\/wp-json\/wp\/v2\/users\/1"}],"replies":[{"embeddable":true,"href":"https:\/\/www.rosalvaaidahernandez.com\/es\/wp-json\/wp\/v2\/comments?post=150"}],"version-history":[{"count":24,"href":"https:\/\/www.rosalvaaidahernandez.com\/es\/wp-json\/wp\/v2\/pages\/150\/revisions"}],"predecessor-version":[{"id":671,"href":"https:\/\/www.rosalvaaidahernandez.com\/es\/wp-json\/wp\/v2\/pages\/150\/revisions\/671"}],"up":[{"embeddable":true,"href":"https:\/\/www.rosalvaaidahernandez.com\/es\/wp-json\/wp\/v2\/pages\/25"}],"wp:attachment":[{"href":"https:\/\/www.rosalvaaidahernandez.com\/es\/wp-json\/wp\/v2\/media?parent=150"}],"curies":[{"name":"wp","href":"https:\/\/api.w.org\/{rel}","templated":true}]}}